{"id":11642,"date":"2021-06-01T17:26:39","date_gmt":"2021-06-01T17:26:39","guid":{"rendered":"http:\/\/adagreatlakes01.local\/?page_id=11642"},"modified":"2021-06-01T17:26:39","modified_gmt":"2021-06-01T17:26:39","slug":"coronavirus_national","status":"publish","type":"page","link":"https:\/\/ada-dcc.org\/adagreatlakes\/coronavirus_national\/","title":{"rendered":"coronavirus_national"},"content":{"rendered":"\n<div class=\"wp-block-media-text alignwide is-stacked-on-mobile is-style-default\" style=\"grid-template-columns:15% auto\"><figure class=\"wp-block-media-text__media\"><img loading=\"lazy\" decoding=\"async\" width=\"504\" height=\"360\" src=\"https:\/\/ada-dcc.org\/adagreatlakes\/wp-content\/uploads\/2021\/02\/GLADA_LOGO_PMS302_nowaves.png\" alt=\"\" class=\"wp-image-20 size-full\" srcset=\"https:\/\/ada-dcc.org\/adagreatlakes\/wp-content\/uploads\/2021\/02\/GLADA_LOGO_PMS302_nowaves.png 504w, https:\/\/ada-dcc.org\/adagreatlakes\/wp-content\/uploads\/2021\/02\/GLADA_LOGO_PMS302_nowaves-300x214.png 300w\" sizes=\"auto, (max-width: 504px) 100vw, 504px\" \/><\/figure><div class=\"wp-block-media-text__content\">\n<h1 class=\"has-text-align-center wp-block-heading\"><a>Coronavirus (COVID-19) National Resources<\/a><\/h1>\n\n\n\n<div id=\"about\"><\/div>\n<hr class=\"wp-block-separator is-style-wide is-style-dots\">\n<h2 class=\"has-text-align-center\">About This Resource List<\/h2>\n<hr>\n\n\n\n<p>The Great Lakes ADA Center is providing this list of Coronavirus (COVID-19) Resources based on up-to-date information from the Centers for Disease Control (CDC), the Great Lakes region and known national, federal, and state sources.<\/p>\n\n\n\n<p><strong>NOTES:<\/strong><\/p>\n\n\n\n<ul class=\"wp-block-list\"><li>We will update this list as new information is released.<\/li><li>The Great Lakes ADA Center does not give medical or legal advice.<\/li><li>Please contact healthcare or legal experts for more information.<\/li><li>We make every effort to provide the information in an accessible format. Accessibility cannot be guaranteed for external links.<\/li><\/ul>\n\n\n\n<p>We have divided these resources into eight categories as follows:<\/p>\n\n\n\n<nav>\n <ol>\n  <li><a href=\"#resource\">COVID-19 Resource Pages<\/a><\/li>\n  <li><a href=\"#health\">Health Tips for dealing with COVID-19<\/a><\/li>\n  <li><a href=\"#disability\">Disability Specific COVID-19 Resources<\/a><\/li>\n  <li><a href=\"#videos\">COVID-19 Videos in ASL<\/a><\/li>\n  <li><a href=\"#medical\">Medical Services and COVID-19<\/a><\/li>\n  <li><a href=\"#business\">Business Resources<\/a><\/li>\n  <li><a href=\"#spanish\">Spanish Language Resources<\/a><\/li>\n  <li><a href=\"#employment\">Employment Resources<\/a><\/li>\n <\/ol>\n<\/nav>\n<hr>\n<\/div><\/div>\n\n\n\n<div id=\"resource\"><\/div>\n<hr class=\"wp-block-separator is-style-wide is-style-dots\">\n<h2 class=\"has-text-align-center\">COVID-19 Resource Pages (contain links to multiple resources)<\/h2>\n<hr>\n<nav>\n  <a href=\"#about\">About<\/a> |\n  <a href=\"#resource\">Resource Pages<\/a> |\n  <a href=\"#health\">Health Tips<\/a> |\n  <a href=\"#disability\">Disability Specific<\/a> |\n  <a href=\"#videos\">Videos<\/a> |\n  <a href=\"#medical\">Medical Services<\/a> |\n  <a href=\"#business\">Business<\/a> |\n  <a href=\"#spanish\">Spanish<\/a> |\n  <a href=\"#employment\">Employment<\/a>\n<\/nav>\n<hr>\n\n\n\n<ul class=\"wp-block-list\"><li><img decoding=\"async\" src=\"https:\/\/www.adagreatlakes.org\/Icons\/new.gif\" alt=\"New Item\">&nbsp;<a href=\"https:\/\/www.minorityhealth.hhs.gov\/omh\/browse.aspx?lvl=2&amp;lvlID=100\" rel=\"noreferrer noopener\" target=\"_blank\">Federal COVID 19 Health Equity Task Force<\/a><\/li><li><a href=\"https:\/\/www.adacovid19.org\/\" rel=\"noreferrer noopener\" target=\"_blank\">Coronavirus Resource List<\/a><\/li><li><a href=\"https:\/\/en.hesperian.org\/hhg\/Coronavirus\" rel=\"noreferrer noopener\" target=\"_blank\">Coronavirus \u2014 COVID-19 &#8211; Hesperian Health Guides<\/a><\/li><li><a href=\"https:\/\/naric.com\/?q=en\/covid-19-special-collection\" rel=\"noreferrer noopener\" target=\"_blank\">COVID-19 Special Collection | National Rehabilitation Information Center<\/a><\/li><\/ul>\n\n\n\n<div id=\"health\"><\/div>\n<hr class=\"wp-block-separator is-style-wide is-style-dots\">\n<h2 class=\"has-text-align-center\">Health Tips for dealing with COVID-19<\/h2>\n<hr>\n<nav>\n  <a href=\"#about\">About<\/a> |\n  <a href=\"#resource\">Resource Pages<\/a> |\n  <a href=\"#health\">Health Tips<\/a> |\n  <a href=\"#disability\">Disability Specific<\/a> |\n  <a href=\"#videos\">Videos<\/a> |\n  <a href=\"#medical\">Medical Services<\/a> |\n  <a href=\"#business\">Business<\/a> |\n  <a href=\"#spanish\">Spanish<\/a> |\n  <a href=\"#employment\">Employment<\/a>\n<\/nav>\n<hr>\n\n\n\n\n<ul class=\"wp-block-list\"><li><a href=\"https:\/\/www.hhs.gov\/sites\/default\/files\/federal-legal-standards-prohibiting-disability-discrimination-covid-19-vaccination.pdf\">Federal Legal Standards Prohibiting Disability Discrimination in COVID-19 Vaccination&nbsp;<\/a>(PDF)<\/li><li><a href=\"https:\/\/www.hhs.gov\/sites\/default\/files\/disability-access-vaccine-distribution.pdf\">Disability Access in Vaccine Distribution&nbsp;<\/a>(PDF)<\/li><li><a href=\"https:\/\/cidi.gatech.edu\/covid\">COVID-19 Accessible Resources for People with Disabilities Microsite<\/a>&nbsp;&#8211; New ASL Video Resources Posted!<\/li><li><a href=\"https:\/\/www.cdc.gov\/aging\/covid19-guidance.html\">Updated COVID-19 Guidance for Adult Day Service Center Staff, Participants, and Their Caregivers<\/a><\/li><li><a href=\"https:\/\/www.cdc.gov\/coronavirus\/2019-ncov\/vaccines\/fully-vaccinated.html\" rel=\"noreferrer noopener\" target=\"_blank\">When You\u2019ve Been Fully Vaccinated<\/a>&nbsp;&#8211; How to Protect Yourself and Others from the CDC<\/li><li><a href=\"https:\/\/unmhealth.org\/services\/development-disabilities\/programs\/other-disability-resources\/first-responder-tips.html\" rel=\"noreferrer noopener\" target=\"_blank\">Tip Cards for First Responders<\/a>&nbsp;\u202for&nbsp;<a href=\"https:\/\/unmhealth.org\/services\/development-disabilities\/programs\/_media\/fifth-edition-tips-sheet.pdf\" rel=\"noreferrer noopener\" target=\"_blank\">PDF<\/a><\/li><li><a href=\"https:\/\/dotorg.brightspotcdn.com\/86\/08\/2d5c9e2d4b34a041641f6530c88a\/so-covid19-01.jpg\" rel=\"noreferrer noopener\" target=\"_blank\">Visual guide Stay Safe during the Coronavirus Outbreak:\u202fCoronavirus (COVID-19) What you need to know &#8211; Infographic<\/a><\/li><li><a href=\"https:\/\/www.specialolympics.org\/stories\/athletes\/proper-hand-washing-techniques\" rel=\"noreferrer noopener\" target=\"_blank\">Proper hand washing technique<\/a><\/li><li><a href=\"https:\/\/www.cdc.gov\/coronavirus\/2019-ncov\/if-you-are-sick\/quarantine.html\" rel=\"noreferrer noopener\" target=\"_blank\">When to Quarantine<\/a><\/li><li><a href=\"https:\/\/www.cdc.gov\/coronavirus\/2019-ncov\/prevent-getting-sick\/cloth-face-cover-guidance.html\" rel=\"noreferrer noopener\" target=\"_blank\">CDC Considerations for Wearing a Mask<\/a><\/li><li><a href=\"https:\/\/www.cdc.gov\/mmwr\/volumes\/69\/wr\/mm6949e2.htm\" rel=\"noreferrer noopener\" target=\"_blank\">CDC Summary of Guidance to Reduce the Spread of COVID-19<\/a><\/li><li><a href=\"https:\/\/www.cdc.gov\/coronavirus\/2019-ncov\/vaccines\/expect.html\" rel=\"noreferrer noopener\" target=\"_blank\">What to Expect at Your Appointment to Get Vaccinated for COVID-19<\/a><\/li><li><a href=\"https:\/\/selfadvocacyinfo.org\/wp-content\/uploads\/2020\/12\/COVID-19-Vaccine-Information-in-Plain-Language.pdf\" rel=\"noreferrer noopener\" target=\"_blank\">COVID-19 Vaccine Information in Plain Language<\/a>&nbsp;(PDF)<\/li><li><a href=\"https:\/\/www.ucucedd.org\/wp-content\/uploads\/2021\/01\/Social-Story_Getting-the-COVID19-Vaccine.pdf\" rel=\"noreferrer noopener\" target=\"_blank\">Getting a COVID-19 Vaccine<\/a>&nbsp;(PDF)<\/li><li><a href=\"https:\/\/www.osha.gov\/coronavirus\/safework\" rel=\"noreferrer noopener\" target=\"_blank\">Protecting Workers: Guidance on Mitigating and Preventing the Spread of COVID-19 in the Workplace<\/a><\/li><li><a href=\"https:\/\/www.cdc.gov\/coronavirus\/2019-ncov\/global-covid-19\/schools.html\" rel=\"noreferrer noopener\" target=\"_blank\">CDC- Operational Considerations for Schools<\/a><\/li><li><a href=\"https:\/\/www.cdc.gov\/coronavirus\/2019-ncov\/communication\/toolkits\/schools.html\" rel=\"noreferrer noopener\" target=\"_blank\">CDC- Toolkit for K-12 Schools | COVID-19 |<\/a><\/li><li><a href=\"https:\/\/www.cdc.gov\/coronavirus\/2019-ncov\/downloads\/vaccines\/facts-covid-vaccines-english-508.pdf\" rel=\"noreferrer noopener\" target=\"_blank\">Facts About COVID-19 Vaccines<\/a>&nbsp;(PDF)<\/li><li><a href=\"https:\/\/www.cdc.gov\/coronavirus\/2019-ncov\/vaccines\/different-vaccines.html?s_cid=10499:covid%20vaccine%20what%20is%20it:sem.ga:p:RG:GM:gen:PTN:FY21\" rel=\"noreferrer noopener\" target=\"_blank\">CDC-Different COVID-19 Vaccines<\/a><\/li><\/ul>\n\n\n\n<div id=\"disability\"><\/div>\n<hr class=\"wp-block-separator is-style-wide is-style-dots\">\n<h2 class=\"has-text-align-center\">Disability Specific COVID-19 Resources<\/h2>\n<hr>\n<nav>\n  <a href=\"#about\">About<\/a> |\n  <a href=\"#resource\">Resource Pages<\/a> |\n  <a href=\"#health\">Health Tips<\/a> |\n  <a href=\"#disability\">Disability Specific<\/a> |\n  <a href=\"#videos\">Videos<\/a> |\n  <a href=\"#medical\">Medical Services<\/a> |\n  <a href=\"#business\">Business<\/a> |\n  <a href=\"#spanish\">Spanish<\/a> |\n  <a href=\"#employment\">Employment<\/a>\n<\/nav>\n<hr>\n\n\n\n<ul class=\"wp-block-list\"><li>ADA Audio Webinar:&nbsp;<a href=\"https:\/\/www.accessibilityonline.org\/ADA-Audio\/archives\/110919\" rel=\"noreferrer noopener\" target=\"_blank\">Access to COVID-19 Vaccines: Issues and Barriers for Persons with Disabilities<\/a><\/li><li><a href=\"https:\/\/www.fema.gov\/sites\/default\/files\/2020-07\/fema_covid_bp_disability-considerations.pdf\/\" rel=\"noreferrer noopener\" target=\"_blank\">FEMA: COVID-19 Best Practice Information: Considerations for People with Disabilities<\/a>&nbsp;(PDF)<\/li><li><a href=\"https:\/\/www.fema.gov\/sites\/default\/files\/documents\/fema_civil-rights-covid-19_vaccine_checklist_02-11-2021.pdf\" rel=\"noreferrer noopener\" target=\"_blank\">FEMA: Civil Rights Checklist<\/a>&nbsp;(PDF)<\/li><li><a href=\"https:\/\/www.fema.gov\/disasters\/coronavirus\/media-gallery#accessibility-videos\" rel=\"noreferrer noopener\" target=\"_blank\">FEMA: FEMA American Sign Language COVID-19 Media<\/a><\/li><li><a href=\"https:\/\/www.getoutthevaccine.org\/\" rel=\"noreferrer noopener\" target=\"_blank\">Get Out the Vaccine \u2013 Stories about vaccination for persons with Intellectual Disabilities<\/a><\/li><li><a href=\"https:\/\/www.cms.gov\/files\/document\/qso-21-14-icf-iid-prtf.pdf\" rel=\"noreferrer noopener\" target=\"_blank\">Guidance regarding Visitation during COVID for Intermediate Care Facilities for Individuals with Intellectual Disabilities and Psychiatric Residential Treatment Facilities&nbsp;<\/a>(PDF)<\/li><li><a href=\"https:\/\/www.ndrn.org\/resource\/know-your-rights-during-covid-19-series\/\" rel=\"noreferrer noopener\" target=\"_blank\">National Disability Rights Network \u201cKnow Your Rights during the COVID-19 Pandemic Series\u201d<\/a><\/li><li><a href=\"https:\/\/www.globaldownsyndrome.org\/covid-19\/\" rel=\"noreferrer noopener\" target=\"_blank\">Everything You Need to Know About COVID-19 &amp; Down Syndrome | Global Down Syndrome Foundation<\/a><\/li><li><a href=\"https:\/\/www.hhs.gov\/about\/news\/2020\/03\/28\/ocr-issues-bulletin-on-civil-rights-laws-and-hipaa-flexibilities-that-apply-during-the-covid-19-emergency.html\" rel=\"noreferrer noopener\" target=\"_blank\">Civil Rights Laws and HIPAA Flexibilities That Apply During the COVID-19 Emergency<\/a><\/li><li><a href=\"https:\/\/www.cdc.gov\/coronavirus\/2019-ncov\/daily-life-coping\/using-transportation.html\" rel=\"noreferrer noopener\" target=\"_blank\">Protect Yourself when using Public Transportation<\/a><\/li><li><a href=\"https:\/\/www.nationaldisabilityinstitute.org\/financial-resilience-center\/\" rel=\"noreferrer noopener\" target=\"_blank\">Financial Resilience Center for Persons with Disabilities<\/a><\/li><li><a href=\"https:\/\/www.aucd.org\/template\/news.cfm?news_id=15111\" rel=\"noreferrer noopener\" target=\"_blank\">Frequently Asked Questions: COVID-19 Vaccine Distribution Considerations for the Disability Community<\/a><\/li><li><a href=\"https:\/\/www.cdc.gov\/coronavirus\/2019-ncov\/travelers\/face-masks-public-transportation.html\" rel=\"noreferrer noopener\" target=\"_blank\">Requirement for Face Masks on Public Transportation Conveyances and at Transportation Hubs | CDC<\/a><\/li><li><a href=\"https:\/\/www.aucd.org\/template\/news.cfm?news_id=15358&amp;parent=16&amp;parent_title=Home&amp;url=\/template\/index.cfm\" rel=\"noreferrer noopener\" target=\"_blank\">AUCD- Creating an Accessible Vaccine Experience for People with Disabilities and Older Adults<\/a><\/li><\/ul>\n\n\n\n<div id=\"videos\"><\/div>\n<hr class=\"wp-block-separator is-style-wide is-style-dots\">\n<h2 class=\"has-text-align-center\">COVID-19 Videos in ASL<\/h2>\n<hr>\n<nav>\n  <a href=\"#about\">About<\/a> |\n  <a href=\"#resource\">Resource Pages<\/a> |\n  <a href=\"#health\">Health Tips<\/a> |\n  <a href=\"#disability\">Disability Specific<\/a> |\n  <a href=\"#videos\">Videos<\/a> |\n  <a href=\"#medical\">Medical Services<\/a> |\n  <a href=\"#business\">Business<\/a> |\n  <a href=\"#spanish\">Spanish<\/a> |\n  <a href=\"#employment\">Employment<\/a>\n<\/nav>\n<hr>\n\n\n\n<ul class=\"wp-block-list\"><li><a href=\"https:\/\/www.youtube.com\/playlist?list=PLvrp9iOILTQatwnqm61jqFrsfUB4RKh6J\" rel=\"noreferrer noopener\" target=\"_blank\">Centers for Disease Control (CDC) Videos on COVID19 in ASL<\/a><\/li><\/ul>\n\n\n\n<div id=\"medical\"><\/div>\n<hr class=\"wp-block-separator is-style-wide is-style-dots\">\n<h2 class=\"has-text-align-center\">Medical Services and COVID-19<\/h2>\n<hr>\n<nav>\n  <a href=\"#about\">About<\/a> |\n  <a href=\"#resource\">Resource Pages<\/a> |\n  <a href=\"#health\">Health Tips<\/a> |\n  <a href=\"#disability\">Disability Specific<\/a> |\n  <a href=\"#videos\">Videos<\/a> |\n  <a href=\"#medical\">Medical Services<\/a> |\n  <a href=\"#business\">Business<\/a> |\n  <a href=\"#spanish\">Spanish<\/a> |\n  <a href=\"#employment\">Employment<\/a>\n<\/nav>\n<hr>\n\n\n\n<ul class=\"wp-block-list\"><li><a href=\"http:\/\/nwadacenter.org\/factsheet\/accessibility-drive-thru-medical-sites\" rel=\"noreferrer noopener\" target=\"_blank\">Fact Sheet on the Accessibility of Drive-Thru-Medical sites<\/a><\/li><li><a href=\"https:\/\/portal.ct.gov\/-\/media\/Coronavirus\/20200609-DPH-Order-regarding-patients-with-disabilities-in-health-care-facilities.pdf\" rel=\"noreferrer noopener\" target=\"_blank\">Executive Order<\/a>&nbsp;(PDF) from State of Connecticut regarding support persons accompanying persons with disabilities in medical settings. This is a result of an early&nbsp;<a href=\"https:\/\/www.hhs.gov\/about\/news\/2020\/06\/09\/ocr-resolves-complaints-after-state-connecticut-private-hospital-safeguard-rights-persons.html\" rel=\"noreferrer noopener\" target=\"_blank\">case resolution with the State of Conneticut<\/a><\/li><\/ul>\n\n\n\n<div id=\"business\"><\/div>\n<hr class=\"wp-block-separator is-style-wide is-style-dots\">\n<h2 class=\"has-text-align-center\">Business Resources<\/h2>\n<hr>\n<nav>\n  <a href=\"#about\">About<\/a> |\n  <a href=\"#resource\">Resource Pages<\/a> |\n  <a href=\"#health\">Health Tips<\/a> |\n  <a href=\"#disability\">Disability Specific<\/a> |\n  <a href=\"#videos\">Videos<\/a> |\n  <a href=\"#medical\">Medical Services<\/a> |\n  <a href=\"#business\">Business<\/a> |\n  <a href=\"#spanish\">Spanish<\/a> |\n  <a href=\"#employment\">Employment<\/a>\n<\/nav>\n<hr>\n\n\n\n<ul class=\"wp-block-list\"><li><a href=\"https:\/\/www.chamberofcommerce.org\/coronavirus-small-business-guide\" rel=\"noreferrer noopener\" target=\"_blank\">Small Business Guide to Coronavirus<\/a><\/li><li><a href=\"https:\/\/www.uschamber.com\/reopening-business\" rel=\"noreferrer noopener\" target=\"_blank\">Business Reopening Guide<\/a><\/li><li><a href=\"https:\/\/www.cdc.gov\/coronavirus\/2019-ncov\/community\/organizations\/businesses-employers.html\" rel=\"noreferrer noopener\" target=\"_blank\">Business and Workplaces Reopening Guide<\/a><\/li><li><a href=\"https:\/\/www.chamberofcommerce.org\/covid-19-reopening-guide-for-small-businesses\/\" rel=\"noreferrer noopener\" target=\"_blank\">Reopening Guide for Small Business<\/a><\/li><\/ul>\n\n\n\n<div id=\"spanish\"><\/div>\n<hr class=\"wp-block-separator is-style-wide is-style-dots\">\n<h2 class=\"has-text-align-center\">Spanish Language Resources<\/h2>\n<hr>\n<nav>\n  <a href=\"#about\">About<\/a> |\n  <a href=\"#resource\">Resource Pages<\/a> |\n  <a href=\"#health\">Health Tips<\/a> |\n  <a href=\"#disability\">Disability Specific<\/a> |\n  <a href=\"#videos\">Videos<\/a> |\n  <a href=\"#medical\">Medical Services<\/a> |\n  <a href=\"#business\">Business<\/a> |\n  <a href=\"#spanish\">Spanish<\/a> |\n  <a href=\"#employment\">Employment<\/a>\n<\/nav>\n<hr>\n\n\n\n<ul class=\"wp-block-list\"><li><a href=\"https:\/\/www.adacovid19.org\/spanish\" rel=\"noreferrer noopener\" target=\"_blank\">Recursos en espa\u00f1ol sobre coronavirus<\/a><\/li><li><a href=\"https:\/\/es.hesperian.org\/hhg\/Coronavirus\" rel=\"noreferrer noopener\" target=\"_blank\">Coronavirus- COVID-19 Guias de Salud por Hesperian<\/a><\/li><li><a href=\"https:\/\/www.globaldownsyndrome.org\/wp-content\/uploads\/2020\/04\/PR-sobre-COVID-19-y-el-Si%CC%81ndrome-de-Down-Versio%CC%81n-Abreviada-04-03-2020.pdf\" rel=\"noreferrer noopener\" target=\"_blank\">P &amp; R sobre COVID-19 y el Sindrome de Down<\/a>&nbsp;(PDF)<\/li><li><a href=\"https:\/\/dredf.org\/wp-content\/uploads\/2020\/03\/DREDF-Know-Your-Rights-COVID-19-03-27-2020-English-Spanish.pdf\" rel=\"noreferrer noopener\" target=\"_blank\">DREDF Conozca sus Derechos sobre COVID-19<\/a>&nbsp;(PDF)<\/li><li><a href=\"https:\/\/www.youtube.com\/watch?v=072vPBq44G8\" rel=\"noreferrer noopener\" target=\"_blank\">Informaci\u00f3n detallada sobre COVID-19 que incluye: higiene, distanciamiento f\u00edsico y s\u00edntomas<\/a><\/li><li><a href=\"https:\/\/coronavirus.gob.mx\/\" rel=\"noreferrer noopener\" target=\"_blank\">Todo lo que vdebes saber sobre el Coronavirus, IMSS Instituto Mexicano del Seguro, Gobierno de Mexico<\/a><\/li><li><a href=\"https:\/\/www.fda.gov\/media\/144625\/download\" rel=\"noreferrer noopener\" target=\"_blank\">La Vacuna contra el COVID-19 de Pfizer-BioNTech<\/a><\/li><li><a href=\"https:\/\/www.fda.gov\/media\/144712\/download\" rel=\"noreferrer noopener\" target=\"_blank\">La vacuna contra la covid-19 de moderna<\/a><\/li><li><a href=\"https:\/\/www.cdc.gov\/coronavirus\/2019-ncov\/downloads\/vaccines\/facts-covid-vaccines-spanish-508.pdf\" rel=\"noreferrer noopener\" target=\"_blank\">Datos sobre las Vacunas contra el COVID-19<\/a>&nbsp;(PDF)<\/li><\/ul>\n\n\n\n<div id=\"employment\"><\/div>\n<hr class=\"wp-block-separator is-style-wide is-style-dots\">\n<h2 class=\"has-text-align-center\">Employment Resources<\/h2>\n<hr>\n<nav>\n  <a href=\"#about\">About<\/a> |\n  <a href=\"#resource\">Resource Pages<\/a> |\n  <a href=\"#health\">Health Tips<\/a> |\n  <a href=\"#disability\">Disability Specific<\/a> |\n  <a href=\"#videos\">Videos<\/a> |\n  <a href=\"#medical\">Medical Services<\/a> |\n  <a href=\"#business\">Business<\/a> |\n  <a href=\"#spanish\">Spanish<\/a> |\n  <a href=\"#employment\">Employment<\/a>\n<\/nav>\n<hr>\n\n\n\n<ul class=\"wp-block-list\"><li><a href=\"https:\/\/www.eeoc.gov\/coronavirus\" rel=\"noreferrer noopener\" target=\"_blank\">U.S. Equal Employment Opportunity Commission (EEOC) COVID-19 Employment Discrimination Information<\/a><\/li><li><a href=\"https:\/\/disabilityin.org\/resource2\/covid-19-response-accessible-tools-and-content\/\">COVID-19 Response: Digital Accessibility and Other Best Practices for Remote Work<\/a><\/li><li><a href=\"https:\/\/www.eeoc.gov\/newsroom\/eeoc-answers-questions-about-pandemic-and-antidiscrimination-laws-recorded-webinar\">Recorded Webinar &#8211; EEOC Answers Questions about the Pandemic and Antidiscrimination Laws<\/a><\/li><li><a href=\"https:\/\/askearn.org\/wp-content\/uploads\/2020\/08\/EARN_2020_Covid19-PolicyBrief.pdf\">COVID-19 and Job Applicants and Employees with Disabilities: Emerging Practices to Employ and Protect Workers<\/a>&nbsp;(PDF)<\/li><li><a href=\"https:\/\/askjan.org\/blogs\/jan\/2021\/03\/accommodating-employees-with-covid-19-related-symptoms.cfm\">Accommodating Employees with COVID-19-Related Symptoms<\/a><\/li><\/ul>\n","protected":false},"excerpt":{"rendered":"<p>Coronavirus (COVID-19) National Resources About This Resource List The Great Lakes ADA Center is providing this list of Coronavirus (COVID-19) Resources based on up-to-date information from the Centers for Disease Control (CDC), the Great Lakes region and known national, federal, and state sources. NOTES: We will update this list as new information is released. The&hellip; <a class=\"more-link\" href=\"https:\/\/ada-dcc.org\/adagreatlakes\/coronavirus_national\/\">Continue reading <span class=\"screen-reader-text\">coronavirus_national<\/span><\/a><\/p>\n","protected":false},"author":1,"featured_media":0,"parent":0,"menu_order":0,"comment_status":"closed","ping_status":"closed","template":"","meta":{"footnotes":""},"class_list":["post-11642","page","type-page","status-publish","hentry","entry"],"acf":[],"_links":{"self":[{"href":"https:\/\/ada-dcc.org\/adagreatlakes\/wp-json\/wp\/v2\/pages\/11642","targetHints":{"allow":["GET"]}}],"collection":[{"href":"https:\/\/ada-dcc.org\/adagreatlakes\/wp-json\/wp\/v2\/pages"}],"about":[{"href":"https:\/\/ada-dcc.org\/adagreatlakes\/wp-json\/wp\/v2\/types\/page"}],"author":[{"embeddable":true,"href":"https:\/\/ada-dcc.org\/adagreatlakes\/wp-json\/wp\/v2\/users\/1"}],"replies":[{"embeddable":true,"href":"https:\/\/ada-dcc.org\/adagreatlakes\/wp-json\/wp\/v2\/comments?post=11642"}],"version-history":[{"count":0,"href":"https:\/\/ada-dcc.org\/adagreatlakes\/wp-json\/wp\/v2\/pages\/11642\/revisions"}],"wp:attachment":[{"href":"https:\/\/ada-dcc.org\/adagreatlakes\/wp-json\/wp\/v2\/media?parent=11642"}],"curies":[{"name":"wp","href":"https:\/\/api.w.org\/{rel}","templated":true}]}}